{"id":446,"date":"2020-04-08T21:05:51","date_gmt":"2020-04-08T19:05:51","guid":{"rendered":"http:\/\/projekt-hoch-hinaus.de\/wp\/?page_id=446"},"modified":"2020-08-25T20:22:56","modified_gmt":"2020-08-25T18:22:56","slug":"ueber-uns","status":"publish","type":"page","link":"https:\/\/projekt-hoch-hinaus.de\/wp\/ueber-uns\/","title":{"rendered":"\u00dcber Uns"},"content":{"rendered":"\t\t<div data-elementor-type=\"wp-page\" data-elementor-id=\"446\" class=\"elementor elementor-446\" data-elementor-settings=\"[]\">\n\t\t\t\t\t\t<div class=\"elementor-inner\">\n\t\t\t\t\t\t\t<div class=\"elementor-section-wrap\">\n\t\t\t\t\t\t\t<section class=\"elementor-section elementor-top-section elementor-element elementor-element-36c27eb elementor-section-boxed elementor-section-height-default elementor-section-height-default\" data-id=\"36c27eb\" data-element_type=\"section\">\n\t\t\t\t\t\t<div class=\"elementor-container elementor-column-gap-default\">\n\t\t\t\t\t\t\t<div class=\"elementor-row\">\n\t\t\t\t\t<div class=\"elementor-column elementor-col-100 elementor-top-column elementor-element elementor-element-90bec81\" data-id=\"90bec81\" data-element_type=\"column\">\n\t\t\t<div class=\"elementor-column-wrap elementor-element-populated\">\n\t\t\t\t\t\t\t<div class=\"elementor-widget-wrap\">\n\t\t\t\t\t\t<div class=\"elementor-element elementor-element-fb0474b elementor-widget elementor-widget-spacer\" data-id=\"fb0474b\" data-element_type=\"widget\" data-widget_type=\"spacer.default\">\n\t\t\t\t<div class=\"elementor-widget-container\">\n\t\t\t\t\t<div class=\"elementor-spacer\">\n\t\t\t<div class=\"elementor-spacer-inner\"><\/div>\n\t\t<\/div>\n\t\t\t\t<\/div>\n\t\t\t\t<\/div>\n\t\t\t\t\t\t<\/div>\n\t\t\t\t\t<\/div>\n\t\t<\/div>\n\t\t\t\t\t\t\t\t<\/div>\n\t\t\t\t\t<\/div>\n\t\t<\/section>\n\t\t\t\t<section class=\"elementor-section elementor-top-section elementor-element elementor-element-284020ab elementor-section-boxed elementor-section-height-default elementor-section-height-default\" data-id=\"284020ab\" data-element_type=\"section\" data-settings=\"{&quot;background_background&quot;:&quot;classic&quot;}\">\n\t\t\t\t\t\t<div class=\"elementor-container elementor-column-gap-default\">\n\t\t\t\t\t\t\t<div class=\"elementor-row\">\n\t\t\t\t\t<div class=\"elementor-column elementor-col-50 elementor-top-column elementor-element elementor-element-90bf321\" data-id=\"90bf321\" data-element_type=\"column\" data-settings=\"{&quot;background_background&quot;:&quot;classic&quot;}\">\n\t\t\t<div class=\"elementor-column-wrap elementor-element-populated\">\n\t\t\t\t\t\t\t<div class=\"elementor-widget-wrap\">\n\t\t\t\t\t\t<div class=\"elementor-element elementor-element-7a61bde elementor-view-default elementor-widget elementor-widget-icon\" data-id=\"7a61bde\" data-element_type=\"widget\" data-widget_type=\"icon.default\">\n\t\t\t\t<div class=\"elementor-widget-container\">\n\t\t\t\t\t<div class=\"elementor-icon-wrapper\">\n\t\t\t<div class=\"elementor-icon\">\n\t\t\t<i aria-hidden=\"true\" class=\"fas fa-quote-right\"><\/i>\t\t\t<\/div>\n\t\t<\/div>\n\t\t\t\t<\/div>\n\t\t\t\t<\/div>\n\t\t\t\t\t\t<\/div>\n\t\t\t\t\t<\/div>\n\t\t<\/div>\n\t\t\t\t<div class=\"elementor-column elementor-col-50 elementor-top-column elementor-element elementor-element-3545437\" data-id=\"3545437\" data-element_type=\"column\">\n\t\t\t<div class=\"elementor-column-wrap elementor-element-populated\">\n\t\t\t\t\t\t\t<div class=\"elementor-widget-wrap\">\n\t\t\t\t\t\t<div class=\"elementor-element elementor-element-61678a4 elementor-widget elementor-widget-text-editor\" data-id=\"61678a4\" data-element_type=\"widget\" data-widget_type=\"text-editor.default\">\n\t\t\t\t<div class=\"elementor-widget-container\">\n\t\t\t\t\t\t\t\t<div class=\"elementor-text-editor elementor-clearfix\">\n\t\t\t\t<h4 style=\"text-align: justify; text-align-last: center;\">\u00dcber sich selbst hinaus wachsen! Manchmal geht dann doch die ein oder andere Bewegung oder Sportart, von der weder Du noch Deine Angeh\u00f6rigen gedacht h\u00e4tten, dass sie funktioniert.<\/h4>\t\t\t\t\t<\/div>\n\t\t\t\t\t\t<\/div>\n\t\t\t\t<\/div>\n\t\t\t\t\t\t<\/div>\n\t\t\t\t\t<\/div>\n\t\t<\/div>\n\t\t\t\t\t\t\t\t<\/div>\n\t\t\t\t\t<\/div>\n\t\t<\/section>\n\t\t\t\t<section class=\"elementor-section elementor-top-section elementor-element elementor-element-4bbec8e elementor-section-boxed elementor-section-height-default elementor-section-height-default\" data-id=\"4bbec8e\" data-element_type=\"section\">\n\t\t\t\t\t\t<div class=\"elementor-container elementor-column-gap-default\">\n\t\t\t\t\t\t\t<div class=\"elementor-row\">\n\t\t\t\t\t<div class=\"elementor-column elementor-col-100 elementor-top-column elementor-element elementor-element-11a4ad2\" data-id=\"11a4ad2\" data-element_type=\"column\">\n\t\t\t<div class=\"elementor-column-wrap elementor-element-populated\">\n\t\t\t\t\t\t\t<div class=\"elementor-widget-wrap\">\n\t\t\t\t\t\t<div class=\"elementor-element elementor-element-70269b9 elementor-widget elementor-widget-spacer\" data-id=\"70269b9\" data-element_type=\"widget\" data-widget_type=\"spacer.default\">\n\t\t\t\t<div class=\"elementor-widget-container\">\n\t\t\t\t\t<div class=\"elementor-spacer\">\n\t\t\t<div class=\"elementor-spacer-inner\"><\/div>\n\t\t<\/div>\n\t\t\t\t<\/div>\n\t\t\t\t<\/div>\n\t\t\t\t\t\t<\/div>\n\t\t\t\t\t<\/div>\n\t\t<\/div>\n\t\t\t\t\t\t\t\t<\/div>\n\t\t\t\t\t<\/div>\n\t\t<\/section>\n\t\t\t\t<section class=\"elementor-section elementor-top-section elementor-element elementor-element-bf65034 elementor-section-boxed elementor-section-height-default elementor-section-height-default\" data-id=\"bf65034\" data-element_type=\"section\">\n\t\t\t\t\t\t<div class=\"elementor-container elementor-column-gap-default\">\n\t\t\t\t\t\t\t<div class=\"elementor-row\">\n\t\t\t\t\t<div class=\"elementor-column elementor-col-100 elementor-top-column elementor-element elementor-element-4d6a104\" data-id=\"4d6a104\" data-element_type=\"column\">\n\t\t\t<div class=\"elementor-column-wrap elementor-element-populated\">\n\t\t\t\t\t\t\t<div class=\"elementor-widget-wrap\">\n\t\t\t\t\t\t<section class=\"elementor-section elementor-inner-section elementor-element elementor-element-4266dca elementor-section-boxed elementor-section-height-default elementor-section-height-default\" data-id=\"4266dca\" data-element_type=\"section\">\n\t\t\t\t\t\t<div class=\"elementor-container elementor-column-gap-default\">\n\t\t\t\t\t\t\t<div class=\"elementor-row\">\n\t\t\t\t\t<div class=\"elementor-column elementor-col-66 elementor-inner-column elementor-element elementor-element-3da110b\" data-id=\"3da110b\" data-element_type=\"column\">\n\t\t\t<div class=\"elementor-column-wrap elementor-element-populated\">\n\t\t\t\t\t\t\t<div class=\"elementor-widget-wrap\">\n\t\t\t\t\t\t<div class=\"elementor-element elementor-element-fd1ba1f elementor-widget elementor-widget-text-editor\" data-id=\"fd1ba1f\" data-element_type=\"widget\" data-widget_type=\"text-editor.default\">\n\t\t\t\t<div class=\"elementor-widget-container\">\n\t\t\t\t\t\t\t\t<div class=\"elementor-text-editor elementor-clearfix\">\n\t\t\t\t<p style=\"text-align: justify;\">Hal\u00adlo,<\/p><p style=\"text-align: justify;\">ich bin Anna-Lena. Immer wie\u00adder wer\u00adde ich gefragt woher mein Bezug zu Per\u00adso\u00adnen mit Han\u00addi\u00adcap kommt? Um ehr\u00adlich zu sein \u2014 es gibt kei\u00adnen Spe\u00adzi\u00adel\u00adlen! W\u00e4h\u00adrend mei\u00adnes Sport\u00adstu\u00addi\u00adums war ich oft selbst am Klet\u00adtern und sowas von \u00fcber\u00adrascht und zugleich ma\u00df\u00adlos begeis\u00adtert, als eine Grup\u00adpe in die Klet\u00adter\u00adhal\u00adle kam.\u2026der eine im Roll\u00adstuhl, die ande\u00adre am Rol\u00adla\u00adtor. Wie sie die Wand hoch geklet\u00adtert sind, das h\u00e4t\u00adte ich vor\u00adher nicht f\u00fcr m\u00f6g\u00adlich gehal\u00adten. Und mit wel\u00adchem Strah\u00adlen sie die Klet\u00adter\u00adhal\u00adle ver\u00adlas\u00adsen haben, hat mich zu dem Ent\u00adschluss gef\u00fchrt: hier mag ich mit\u00adhel\u00adfen! Und zwar sofort.<\/p><p style=\"text-align: justify;\">2015 gr\u00fcn\u00adde\u00adte ich dann mei\u00adne eige\u00adnen Klet\u00adter\u00adgrup\u00adpen in Wies\u00adba\u00adden. Mei\u00adne Erfah\u00adrung mit Kin\u00addern, Jugend\u00adli\u00adchen und Erwach\u00adse\u00adnen mit Behin\u00adde\u00adrung und mei\u00adne T\u00e4tig\u00adkeit im Bereich Inklu\u00adsi\u00adon bei einem Ver\u00adband zei\u00adgen mir auf, dass da noch ganz viel Bedarf ist auch in ande\u00adren sport\u00adli\u00adchen Berei\u00adchen. Vol\u00adler Begeis\u00adte\u00adrung ist Hei\u00adke in ihrer Eltern\u00adzeit mit auf den Zug auf\u00adge\u00adsprun\u00adgen und wir ent\u00adwi\u00adckel\u00adten gemein\u00adsam Ideen. Sport f\u00fcr Per\u00adso\u00adnen mit Behin\u00adde\u00adrung! Viel\u00adleicht auch was f\u00fcr Sie oder Ihre Organisation?<\/p>\t\t\t\t\t<\/div>\n\t\t\t\t\t\t<\/div>\n\t\t\t\t<\/div>\n\t\t\t\t\t\t<\/div>\n\t\t\t\t\t<\/div>\n\t\t<\/div>\n\t\t\t\t<div class=\"elementor-column elementor-col-33 elementor-inner-column elementor-element elementor-element-26abff3\" data-id=\"26abff3\" data-element_type=\"column\">\n\t\t\t<div class=\"elementor-column-wrap elementor-element-populated\">\n\t\t\t\t\t\t\t<div class=\"elementor-widget-wrap\">\n\t\t\t\t\t\t<div class=\"elementor-element elementor-element-b755d74 elementor-widget elementor-widget-image\" data-id=\"b755d74\" data-element_type=\"widget\" data-widget_type=\"image.default\">\n\t\t\t\t<div class=\"elementor-widget-container\">\n\t\t\t\t\t\t\t\t<div class=\"elementor-image\">\n\t\t\t\t\t\t\t\t\t\t\t\t<img src=\"https:\/\/projekt-hoch-hinaus.de\/wp\/wp-content\/uploads\/2020\/08\/ueberUns_Anna.jpg\" title=\"ueberUns_Anna\" alt=\"ueberUns_Anna\">\t\t\t\t\t\t\t\t\t\t\t\t\t\t<\/div>\n\t\t\t\t\t\t<\/div>\n\t\t\t\t<\/div>\n\t\t\t\t\t\t<\/div>\n\t\t\t\t\t<\/div>\n\t\t<\/div>\n\t\t\t\t\t\t\t\t<\/div>\n\t\t\t\t\t<\/div>\n\t\t<\/section>\n\t\t\t\t<div class=\"elementor-element elementor-element-e7adacf elementor-widget elementor-widget-toggle\" data-id=\"e7adacf\" data-element_type=\"widget\" data-widget_type=\"toggle.default\">\n\t\t\t\t<div class=\"elementor-widget-container\">\n\t\t\t\t\t<div class=\"elementor-toggle\" role=\"tablist\">\n\t\t\t\t\t\t\t<div class=\"elementor-toggle-item\">\n\t\t\t\t\t<div id=\"elementor-tab-title-2421\" class=\"elementor-tab-title\" data-tab=\"1\" role=\"tab\" aria-controls=\"elementor-tab-content-2421\" aria-expanded=\"false\">\n\t\t\t\t\t\t\t\t\t\t\t\t<span class=\"elementor-toggle-icon elementor-toggle-icon-left\" aria-hidden=\"true\">\n\t\t\t\t\t\t\t\t\t\t\t\t\t\t\t<span class=\"elementor-toggle-icon-closed\"><i class=\"fas fa-caret-square-down\"><\/i><\/span>\n\t\t\t\t\t\t\t\t<span class=\"elementor-toggle-icon-opened\"><i class=\"elementor-toggle-icon-opened fas fa-caret-square-up\"><\/i><\/span>\n\t\t\t\t\t\t\t\t\t\t\t\t\t<\/span>\n\t\t\t\t\t\t\t\t\t\t\t\t<a href class=\"elementor-toggle-title\">Wer\u00adde\u00adgang<\/a>\n\t\t\t\t\t<\/div>\n\n\t\t\t\t\t<div id=\"elementor-tab-content-2421\" class=\"elementor-tab-content elementor-clearfix\" data-tab=\"1\" role=\"tabpanel\" aria-labelledby=\"elementor-tab-title-2421\"><p>2013 | Fort\u00adbil\u00addung \u201aKine\u00adsio\u00adta\u00adping\u2018<\/p><p>2014 | Fort\u00adbil\u00addung \u201aFas\u00adzi\u00aden\u00adtrai\u00adning Teil 1 und&nbsp;2\u2018<\/p><p>2014 | Bache\u00adlor-Arbeit \u201emul\u00adti\u00adfak\u00adto\u00adri\u00adel\u00adlen Poten\u00adzia\u00adle einer Klettertherapie\u201c<\/p><p>Seit 2015 | Lei\u00adtung der Grup\u00adpe \u201ahoch\u00adhin\u00adaus \u2013 Klet\u00adtern mit Han\u00addi\u00adcap\u2018 des Deut\u00adschen Alpenvereins<\/p><p>Seit 2016 |&nbsp;Refe\u00adren\u00adtin zum The\u00adma Sport und Inklu\u00adsi\u00adon bezie\u00adhungs\u00adwei\u00adse Klet\u00adtern inklu\u00adsiv | Klet\u00adtern mit Men\u00adschen mit Behinderung<\/p><p>Fort\u00adbil\u00addung \u201aThe\u00adra\u00adpeu\u00adti\u00adsches Klet\u00adtern nach Klein-Vogelbach\u2018<\/p><p>Seit 2019 | Sport mit Per\u00adso\u00adnen mit Par\u00adkin\u00adson und Mul\u00adti\u00adpler Sklerose<\/p><p>2018 &amp; 2019 | Klet\u00adter\u00adwand\u00adbe\u00adtreu\u00ader und den Klet\u00adter\u00adtrai\u00adner C Men\u00adschen mit Behinderung<\/p><p>2018 &amp; 2019 | Semi\u00adna\u00adre der Osteopathie<\/p><p>2018 &amp; 2019| 100 Stun\u00adden Heilpraktiker<\/p><p>2019 | Fort\u00adbil\u00addung Klet\u00adter\u00adthe\u00adra\u00adpie im neu\u00adro\u00adlo\u00adgi\u00adschen Bereich \u2013 Tech\u00adni\u00adsche Uni\u00adver\u00adsi\u00adt\u00e4t M\u00fcnchen2<\/p><p>Seit 2019 | Inklu\u00adsi\u00adons\u00adcoach beim Deut\u00adschen Turnerbund<\/p><p>2020 | Qua\u00adli\u00adfi\u00adzie\u00adrung Ver\u00ad\u00e4n\u00adde\u00adrungs\u00adma\u00adna\u00adger Inklu\u00adsi\u00adon \u2013 DOSB F\u00fchrungsakademie<\/p><\/div>\n\t\t\t\t<\/div>\n\t\t\t\t\t\t\t\t<\/div>\n\t\t\t\t<\/div>\n\t\t\t\t<\/div>\n\t\t\t\t\t\t<\/div>\n\t\t\t\t\t<\/div>\n\t\t<\/div>\n\t\t\t\t\t\t\t\t<\/div>\n\t\t\t\t\t<\/div>\n\t\t<\/section>\n\t\t\t\t<section class=\"elementor-section elementor-top-section elementor-element elementor-element-969ceaf elementor-section-boxed elementor-section-height-default elementor-section-height-default\" data-id=\"969ceaf\" data-element_type=\"section\">\n\t\t\t\t\t\t<div class=\"elementor-container elementor-column-gap-default\">\n\t\t\t\t\t\t\t<div class=\"elementor-row\">\n\t\t\t\t\t<div class=\"elementor-column elementor-col-100 elementor-top-column elementor-element elementor-element-bd294ff\" data-id=\"bd294ff\" data-element_type=\"column\">\n\t\t\t<div class=\"elementor-column-wrap elementor-element-populated\">\n\t\t\t\t\t\t\t<div class=\"elementor-widget-wrap\">\n\t\t\t\t\t\t<div class=\"elementor-element elementor-element-a0804d2 elementor-widget elementor-widget-spacer\" data-id=\"a0804d2\" data-element_type=\"widget\" data-widget_type=\"spacer.default\">\n\t\t\t\t<div class=\"elementor-widget-container\">\n\t\t\t\t\t<div class=\"elementor-spacer\">\n\t\t\t<div class=\"elementor-spacer-inner\"><\/div>\n\t\t<\/div>\n\t\t\t\t<\/div>\n\t\t\t\t<\/div>\n\t\t\t\t\t\t<\/div>\n\t\t\t\t\t<\/div>\n\t\t<\/div>\n\t\t\t\t\t\t\t\t<\/div>\n\t\t\t\t\t<\/div>\n\t\t<\/section>\n\t\t\t\t<section class=\"elementor-section elementor-top-section elementor-element elementor-element-e5d6a77 elementor-section-boxed elementor-section-height-default elementor-section-height-default\" data-id=\"e5d6a77\" data-element_type=\"section\" data-settings=\"{&quot;background_background&quot;:&quot;classic&quot;}\">\n\t\t\t\t\t\t<div class=\"elementor-container elementor-column-gap-default\">\n\t\t\t\t\t\t\t<div class=\"elementor-row\">\n\t\t\t\t\t<div class=\"elementor-column elementor-col-50 elementor-top-column elementor-element elementor-element-f5b0632\" data-id=\"f5b0632\" data-element_type=\"column\">\n\t\t\t<div class=\"elementor-column-wrap elementor-element-populated\">\n\t\t\t\t\t\t\t<div class=\"elementor-widget-wrap\">\n\t\t\t\t\t\t<div class=\"elementor-element elementor-element-5589638 elementor-view-default elementor-widget elementor-widget-icon\" data-id=\"5589638\" data-element_type=\"widget\" data-widget_type=\"icon.default\">\n\t\t\t\t<div class=\"elementor-widget-container\">\n\t\t\t\t\t<div class=\"elementor-icon-wrapper\">\n\t\t\t<div class=\"elementor-icon\">\n\t\t\t<i aria-hidden=\"true\" class=\"fas fa-quote-right\"><\/i>\t\t\t<\/div>\n\t\t<\/div>\n\t\t\t\t<\/div>\n\t\t\t\t<\/div>\n\t\t\t\t\t\t<\/div>\n\t\t\t\t\t<\/div>\n\t\t<\/div>\n\t\t\t\t<div class=\"elementor-column elementor-col-50 elementor-top-column elementor-element elementor-element-149e59c\" data-id=\"149e59c\" data-element_type=\"column\">\n\t\t\t<div class=\"elementor-column-wrap elementor-element-populated\">\n\t\t\t\t\t\t\t<div class=\"elementor-widget-wrap\">\n\t\t\t\t\t\t<div class=\"elementor-element elementor-element-fdcbedc elementor-widget elementor-widget-text-editor\" data-id=\"fdcbedc\" data-element_type=\"widget\" data-widget_type=\"text-editor.default\">\n\t\t\t\t<div class=\"elementor-widget-container\">\n\t\t\t\t\t\t\t\t<div class=\"elementor-text-editor elementor-clearfix\">\n\t\t\t\t<h4 style=\"text-align: justify; text-align-last: center;\">Das unbeschreibliche Gef\u00fchl, es alleine nach oben geschafft zu haben, mit eigener Muskelkraft die H\u00f6henmeter zu bew\u00e4ltigen, macht s\u00fcchtig nach&nbsp;mehr<\/h4>\t\t\t\t\t<\/div>\n\t\t\t\t\t\t<\/div>\n\t\t\t\t<\/div>\n\t\t\t\t\t\t<\/div>\n\t\t\t\t\t<\/div>\n\t\t<\/div>\n\t\t\t\t\t\t\t\t<\/div>\n\t\t\t\t\t<\/div>\n\t\t<\/section>\n\t\t\t\t<section class=\"elementor-section elementor-top-section elementor-element elementor-element-e65009b elementor-section-boxed elementor-section-height-default elementor-section-height-default\" data-id=\"e65009b\" data-element_type=\"section\">\n\t\t\t\t\t\t<div class=\"elementor-container elementor-column-gap-default\">\n\t\t\t\t\t\t\t<div class=\"elementor-row\">\n\t\t\t\t\t<div class=\"elementor-column elementor-col-100 elementor-top-column elementor-element elementor-element-9c5fa0b\" data-id=\"9c5fa0b\" data-element_type=\"column\">\n\t\t\t<div class=\"elementor-column-wrap elementor-element-populated\">\n\t\t\t\t\t\t\t<div class=\"elementor-widget-wrap\">\n\t\t\t\t\t\t<div class=\"elementor-element elementor-element-1624184 elementor-widget elementor-widget-spacer\" data-id=\"1624184\" data-element_type=\"widget\" data-widget_type=\"spacer.default\">\n\t\t\t\t<div class=\"elementor-widget-container\">\n\t\t\t\t\t<div class=\"elementor-spacer\">\n\t\t\t<div class=\"elementor-spacer-inner\"><\/div>\n\t\t<\/div>\n\t\t\t\t<\/div>\n\t\t\t\t<\/div>\n\t\t\t\t\t\t<\/div>\n\t\t\t\t\t<\/div>\n\t\t<\/div>\n\t\t\t\t\t\t\t\t<\/div>\n\t\t\t\t\t<\/div>\n\t\t<\/section>\n\t\t\t\t<section class=\"elementor-section elementor-top-section elementor-element elementor-element-1bec53a elementor-section-boxed elementor-section-height-default elementor-section-height-default\" data-id=\"1bec53a\" data-element_type=\"section\">\n\t\t\t\t\t\t<div class=\"elementor-container elementor-column-gap-default\">\n\t\t\t\t\t\t\t<div class=\"elementor-row\">\n\t\t\t\t\t<div class=\"elementor-column elementor-col-100 elementor-top-column elementor-element elementor-element-2d2e324\" data-id=\"2d2e324\" data-element_type=\"column\">\n\t\t\t<div class=\"elementor-column-wrap elementor-element-populated\">\n\t\t\t\t\t\t\t<div class=\"elementor-widget-wrap\">\n\t\t\t\t\t\t<section class=\"elementor-section elementor-inner-section elementor-element elementor-element-c733106 elementor-section-boxed elementor-section-height-default elementor-section-height-default\" data-id=\"c733106\" data-element_type=\"section\">\n\t\t\t\t\t\t<div class=\"elementor-container elementor-column-gap-default\">\n\t\t\t\t\t\t\t<div class=\"elementor-row\">\n\t\t\t\t\t<div class=\"elementor-column elementor-col-66 elementor-inner-column elementor-element elementor-element-91711d1\" data-id=\"91711d1\" data-element_type=\"column\">\n\t\t\t<div class=\"elementor-column-wrap elementor-element-populated\">\n\t\t\t\t\t\t\t<div class=\"elementor-widget-wrap\">\n\t\t\t\t\t\t<div class=\"elementor-element elementor-element-0f3c939 elementor-widget elementor-widget-text-editor\" data-id=\"0f3c939\" data-element_type=\"widget\" data-widget_type=\"text-editor.default\">\n\t\t\t\t<div class=\"elementor-widget-container\">\n\t\t\t\t\t\t\t\t<div class=\"elementor-text-editor elementor-clearfix\">\n\t\t\t\t<p style=\"text-align: justify;\">Hey,<\/p>\n<p style=\"text-align: justify;\">ich bin Hei\u00adke. Klet\u00adtern ist eine mei\u00adner Lei\u00adden\u00adschaf\u00adten von Kin\u00addes\u00adbei\u00adnen an! Schon damals ver\u00adbrach\u00adte ich die Som\u00admer\u00adur\u00adlau\u00adbe in Tirol oder im All\u00adg\u00e4u. Wur\u00adde die Tour dann mal zu lang\u00adwei\u00adlig nutz\u00adte ich die Fel\u00adsen am Weges\u00adrand als Klet\u00adter\u00adm\u00f6g\u00adlich\u00adkeit. Vor etwa 15 Jah\u00adren f\u00fchr\u00adte mich dann ein Freund in der N\u00e4he von Frank\u00adfurt an das Klet\u00adtern an k\u00fcnst\u00adli\u00adchen Fel\u00adsen. Ein neu\u00ades, regel\u00adm\u00e4\u00ad\u00dfi\u00adges Hob\u00adby ent\u00adstand. Ande\u00adre Men\u00adschen daf\u00fcr zu begeis\u00adtern und zu ermu\u00adti\u00adgen den fan\u00adtas\u00adti\u00adschen Ganz\u00adk\u00f6r\u00adper\u00adsport ken\u00adnen zu ler\u00adnen, macht mir gro\u00ad\u00dfe Freu\u00adde. Daher absol\u00advier\u00adte ich 2013 die Aus\u00adbil\u00addung zum Klet\u00adter\u00adwand\u00adbe\u00adtreu\u00ader beim Deut\u00adschen Alpenverein.<\/p>\n<p style=\"text-align: justify;\">Anna und ich ken\u00adnen uns schon seit dem Jugend\u00adal\u00adter als wir w\u00f6chent\u00adlich zusam\u00admen zum Bal\u00adlett\u00adun\u00adter\u00adricht gefah\u00adren sind. Im Klet\u00adtern fan\u00adden wir dann wie\u00adder einen gemein\u00adsa\u00admen Sport. Als Anna mir von dem Pro\u00adjekt hoch\u00adhin\u00adaus erz\u00e4hl\u00adte, war ich Feu\u00ader und Flam\u00adme und bot ihr direkt mei\u00adne Hil\u00adfe an. 2015 und 2018 bin ich Mama gewor\u00adden. Das Klet\u00adtern lag erst Mal brach, aber was tun in der Eltern\u00adzeit? Am liebs\u00adten sinn\u00advoll nut\u00adzen! Wir star\u00adte\u00adten unse\u00adre ers\u00adten Ideen und Gedan\u00adken\u00adg\u00e4n\u00adge und arbei\u00adten tat\u00adkr\u00e4f\u00adtig am Pro\u00adjekt \u201ahoch\u00adhin\u00adaus\u2018.<\/p>\t\t\t\t\t<\/div>\n\t\t\t\t\t\t<\/div>\n\t\t\t\t<\/div>\n\t\t\t\t\t\t<\/div>\n\t\t\t\t\t<\/div>\n\t\t<\/div>\n\t\t\t\t<div class=\"elementor-column elementor-col-33 elementor-inner-column elementor-element elementor-element-0ca6111\" data-id=\"0ca6111\" data-element_type=\"column\">\n\t\t\t<div class=\"elementor-column-wrap elementor-element-populated\">\n\t\t\t\t\t\t\t<div class=\"elementor-widget-wrap\">\n\t\t\t\t\t\t<div class=\"elementor-element elementor-element-cd4fd48 elementor-widget elementor-widget-image\" data-id=\"cd4fd48\" data-element_type=\"widget\" data-widget_type=\"image.default\">\n\t\t\t\t<div class=\"elementor-widget-container\">\n\t\t\t\t\t\t\t\t<div class=\"elementor-image\">\n\t\t\t\t\t\t\t\t\t\t\t\t<img src=\"https:\/\/projekt-hoch-hinaus.de\/wp\/wp-content\/uploads\/2020\/08\/UeberUns_Heike.jpg\" title=\"UeberUns_Heike\" alt=\"UeberUns_Heike\">\t\t\t\t\t\t\t\t\t\t\t\t\t\t<\/div>\n\t\t\t\t\t\t<\/div>\n\t\t\t\t<\/div>\n\t\t\t\t\t\t<\/div>\n\t\t\t\t\t<\/div>\n\t\t<\/div>\n\t\t\t\t\t\t\t\t<\/div>\n\t\t\t\t\t<\/div>\n\t\t<\/section>\n\t\t\t\t<div class=\"elementor-element elementor-element-a1e24d0 elementor-widget elementor-widget-toggle\" data-id=\"a1e24d0\" data-element_type=\"widget\" data-widget_type=\"toggle.default\">\n\t\t\t\t<div class=\"elementor-widget-container\">\n\t\t\t\t\t<div class=\"elementor-toggle\" role=\"tablist\">\n\t\t\t\t\t\t\t<div class=\"elementor-toggle-item\">\n\t\t\t\t\t<div id=\"elementor-tab-title-1691\" class=\"elementor-tab-title\" data-tab=\"1\" role=\"tab\" aria-controls=\"elementor-tab-content-1691\" aria-expanded=\"false\">\n\t\t\t\t\t\t\t\t\t\t\t\t<span class=\"elementor-toggle-icon elementor-toggle-icon-left\" aria-hidden=\"true\">\n\t\t\t\t\t\t\t\t\t\t\t\t\t\t\t<span class=\"elementor-toggle-icon-closed\"><i class=\"fas fa-caret-square-down\"><\/i><\/span>\n\t\t\t\t\t\t\t\t<span class=\"elementor-toggle-icon-opened\"><i class=\"elementor-toggle-icon-opened fas fa-caret-square-up\"><\/i><\/span>\n\t\t\t\t\t\t\t\t\t\t\t\t\t<\/span>\n\t\t\t\t\t\t\t\t\t\t\t\t<a href class=\"elementor-toggle-title\">Wer\u00adde\u00adgang<\/a>\n\t\t\t\t\t<\/div>\n\n\t\t\t\t\t<div id=\"elementor-tab-content-1691\" class=\"elementor-tab-content elementor-clearfix\" data-tab=\"1\" role=\"tabpanel\" aria-labelledby=\"elementor-tab-title-1691\"><p><span class=\"body-text-content\">2005 | Erwerb des Aus\u00adbil\u00add\u00ader\u00adeig\u00adnungschein IHK 2006, 2007 betriebs\u00adin\u00adter\u00adne F\u00fch\u00adrungs\u00adse\u00admi\u00adna\u00adre<br><br>2007 | Aus\u00adbil\u00addung zur Han\u00addels\u00adfach\u00adwir\u00adtin&nbsp;IHK<\/span><\/p><p><span class=\"body-text-content\">2007 \u2014 2013 | Team\u00adlei\u00adter ver\u00adschie\u00adde\u00adner Berei\u00adche eines M\u00f6bel\u00adhau\u00adses<br><br>2009 | Aus\u00adbil\u00addung zum Indoor\u00adtrai\u00adner Hoch\u00adseil\u00adgar\u00adten Tau\u00adn\u00ada\u00adtours<br><br>2013 | Aus\u00adbil\u00addung zum Klet\u00adter\u00adwand\u00adbe\u00adtreu\u00ader DAV<br><br>2013 \u2014 2015 | Sup\u00adport\u00adfunk\u00adti\u00adon im Bereich Sales zwi\u00adschen der&nbsp; inter\u00adna\u00adtio\u00adna\u00adlen Zen\u00adtra\u00adle und dem deut\u00adschen Markt<br><br>2014 | Semi\u00adnar Kon\u00adflikt\u00ads\u00adou\u00adve\u00adr\u00e4\u00adni\u00adt\u00e4t<br><br>2015 | betriebs\u00adin\u00adter\u00adne Trai\u00adner\u00adaus\u00adbil\u00addung<br><br>2015 \u2014 2018 | Sales Spe\u00adcia\u00adlist im Bereich Expan\u00adsi\u00adon<br><br>2018 \u2014 2019 | Ent\u00adwick\u00adlung und Lei\u00adtung eines Retail-Pro\u00adjek\u00adtes mit anschlie\u00ad\u00dfen\u00addem Roll-out<br><br>2019 | Core Area Spe\u00adcia\u00adlist im Bereich<\/span> Selling<\/p><\/div>\n\t\t\t\t<\/div>\n\t\t\t\t\t\t\t\t<\/div>\n\t\t\t\t<\/div>\n\t\t\t\t<\/div>\n\t\t\t\t\t\t<\/div>\n\t\t\t\t\t<\/div>\n\t\t<\/div>\n\t\t\t\t\t\t\t\t<\/div>\n\t\t\t\t\t<\/div>\n\t\t<\/section>\n\t\t\t\t\t\t<\/div>\n\t\t\t\t\t\t<\/div>\n\t\t\t\t\t<\/div>\n\t\t","protected":false},"excerpt":{"rendered":"<p>\u00dcber sich selbst hin\u00adaus wach\u00adsen! Manch\u00admal geht dann doch die ein oder ande\u00adre Bewe\u00adgung oder Sport\u00adart, von der weder Du noch Dei\u00adne Ange\u00adh\u00f6\u00adri\u00adgen gedacht h\u00e4t\u00adten, dass sie funk\u00adtio\u00adniert. Hal\u00adlo, ich bin Anna-Lena. Immer wie\u00adder wer\u00adde ich gefragt woher mein Bezug zu Per\u00adso\u00adnen mit Han\u00addi\u00adcap kommt? Um ehr\u00adlich zu sein \u2014 es gibt kei\u00adnen Spe\u00adzi\u00adel\u00adlen! W\u00e4hrend&nbsp;[\u2026]<\/p>\n","protected":false},"author":1,"featured_media":0,"parent":0,"menu_order":0,"comment_status":"closed","ping_status":"closed","template":"","meta":{"wp_typography_post_enhancements_disabled":false},"_links":{"self":[{"href":"https:\/\/projekt-hoch-hinaus.de\/wp\/wp-json\/wp\/v2\/pages\/446"}],"collection":[{"href":"https:\/\/projekt-hoch-hinaus.de\/wp\/wp-json\/wp\/v2\/pages"}],"about":[{"href":"https:\/\/projekt-hoch-hinaus.de\/wp\/wp-json\/wp\/v2\/types\/page"}],"author":[{"embeddable":true,"href":"https:\/\/projekt-hoch-hinaus.de\/wp\/wp-json\/wp\/v2\/users\/1"}],"replies":[{"embeddable":true,"href":"https:\/\/projekt-hoch-hinaus.de\/wp\/wp-json\/wp\/v2\/comments?post=446"}],"version-history":[{"count":96,"href":"https:\/\/projekt-hoch-hinaus.de\/wp\/wp-json\/wp\/v2\/pages\/446\/revisions"}],"predecessor-version":[{"id":1230,"href":"https:\/\/projekt-hoch-hinaus.de\/wp\/wp-json\/wp\/v2\/pages\/446\/revisions\/1230"}],"wp:attachment":[{"href":"https:\/\/projekt-hoch-hinaus.de\/wp\/wp-json\/wp\/v2\/media?parent=446"}],"curies":[{"name":"wp","href":"https:\/\/api.w.org\/{rel}","templated":true}]}}